{"id":26,"date":"2026-01-16T12:11:00","date_gmt":"2026-01-16T12:11:00","guid":{"rendered":"https:\/\/neu.swiss-aesthetic.ch\/?page_id=26"},"modified":"2026-01-16T13:06:05","modified_gmt":"2026-01-16T13:06:05","slug":"startseite","status":"publish","type":"page","link":"https:\/\/neu.swiss-aesthetic.ch\/?page_id=26","title":{"rendered":"Startseite"},"content":{"rendered":"\n<div class=\"wp-block-group alignfull is-style-section-2 has-global-padding is-layout-constrained wp-block-group-is-layout-constrained is-style-section-2--1\" style=\"margin-top:0;margin-bottom:0;padding-top:var(--wp--preset--spacing--60);padding-bottom:var(--wp--preset--spacing--60)\">\n<div class=\"wp-block-columns alignwide is-layout-flex wp-container-core-columns-is-layout-643ced6b wp-block-columns-is-layout-flex\">\n<div class=\"wp-block-column is-layout-flow wp-block-column-is-layout-flow\" style=\"flex-basis:40%\">\n<figure class=\"wp-block-gallery has-nested-images columns-default is-cropped wp-block-gallery-2 is-layout-flex wp-block-gallery-is-layout-flex\">\n<figure class=\"wp-block-image size-large\"><img fetchpriority=\"high\" decoding=\"async\" width=\"1024\" height=\"1024\" data-id=\"27\" src=\"https:\/\/neu.swiss-aesthetic.ch\/wp-content\/uploads\/2026\/01\/Logo-beige-2026-1024x1024.jpg\" alt=\"Logo Swiss Aesthetic \u2013 Fachinstitut f\u00fcr \u00c4sthetik und \u00e4sthetische Behandlungen in der Schweiz\" class=\"wp-image-27\" srcset=\"https:\/\/neu.swiss-aesthetic.ch\/wp-content\/uploads\/2026\/01\/Logo-beige-2026-1024x1024.jpg 1024w, https:\/\/neu.swiss-aesthetic.ch\/wp-content\/uploads\/2026\/01\/Logo-beige-2026-300x300.jpg 300w, https:\/\/neu.swiss-aesthetic.ch\/wp-content\/uploads\/2026\/01\/Logo-beige-2026-150x150.jpg 150w, https:\/\/neu.swiss-aesthetic.ch\/wp-content\/uploads\/2026\/01\/Logo-beige-2026-768x768.jpg 768w, https:\/\/neu.swiss-aesthetic.ch\/wp-content\/uploads\/2026\/01\/Logo-beige-2026-1536x1536.jpg 1536w, https:\/\/neu.swiss-aesthetic.ch\/wp-content\/uploads\/2026\/01\/Logo-beige-2026-2048x2048.jpg 2048w\" sizes=\"(max-width: 1024px) 100vw, 1024px\" \/><\/figure>\n<\/figure>\n<\/div>\n\n\n\n<div class=\"wp-block-column is-vertically-aligned-center is-layout-flow wp-container-core-column-is-layout-119bc444 wp-block-column-is-layout-flow\" style=\"flex-basis:60%\">\n<h2 class=\"wp-block-heading has-xx-large-font-size\">so individuell wie Sie<\/h2>\n\n\n\n<p>Swiss-Aesthetic &#8211; Ihr HJ Fachinstitut f\u00fcr \u00c4sthetik in Z\u00fcrich<\/p>\n\n\n\n<p><\/p>\n\n\n\n<div class=\"wp-block-group is-vertical is-layout-flex wp-container-core-group-is-layout-41e20069 wp-block-group-is-layout-flex\">\n<h3 class=\"wp-block-heading has-small-font-size\" style=\"font-style:normal;font-weight:600;letter-spacing:1px;text-transform:uppercase\">Z\u00fcrich \u00a0 +41 76 348 32 35 \u00a0<\/h3>\n\n\n\n<div class=\"wp-block-group is-layout-flex wp-block-group-is-layout-flex\">\n<p class=\"is-style-text-annotation is-style-text-annotation--3\"><a href=\"#\">Start<\/a><\/p>\n\n\n\n<p class=\"is-style-text-annotation is-style-text-annotation--4\">Termine<\/p>\n\n\n\n<p class=\"is-style-text-annotation is-style-text-annotation--5\">unsere Leistungen<\/p>\n\n\n\n<p class=\"is-style-text-annotation is-style-text-annotation--6\"><a href=\"#\">\u00fcber uns<\/a><\/p>\n\n\n\n<p class=\"is-style-text-annotation is-style-text-annotation--7\">Kontakt<\/p>\n<\/div>\n<\/div>\n<\/div>\n<\/div>\n<\/div>\n\n\n\n<div class=\"wp-block-group alignfull is-style-section-5 has-global-padding is-layout-constrained wp-block-group-is-layout-constrained is-style-section-5--8\" style=\"margin-top:0;margin-bottom:0;padding-top:var(--wp--preset--spacing--50);padding-bottom:var(--wp--preset--spacing--50)\">\n<div class=\"wp-block-columns alignwide is-layout-flex wp-container-core-columns-is-layout-7ee84d44 wp-block-columns-is-layout-flex\">\n<div class=\"wp-block-column is-vertically-aligned-center is-layout-flow wp-block-column-is-layout-flow\" style=\"flex-basis:50%\">\n<h2 class=\"wp-block-heading\">\n\t\t\t\t\u00dcber die Veranstaltung\t\t\t<\/h2>\n\n\n\n<p class=\"has-medium-font-size\">Die Veranstaltung findet an einem Wochenende statt und besteht aus einer Reihe von Ausstellungen, Workshops und Podiumsdiskussionen. Die Ausstellungen zeigen eine kuratierte Auswahl von Fotografien, die fesselnde Geschichten aus verschiedenen Teilen der Welt erz\u00e4hlen. Jedes Bild wird von ausf\u00fchrlichen Erz\u00e4hlungen begleitet, die den Kontext und tiefere Einblicke in die historische Bedeutung der abgebildeten Szenen liefern. Die Fotografien stammen aus den Archiven renommierter Fotografen und aufstrebender Talente, so dass eine Mischung aus klassischen und zeitgen\u00f6ssischen Perspektiven entsteht.<\/p>\n<\/div>\n\n\n\n<div class=\"wp-block-column is-vertically-aligned-center is-layout-flow wp-block-column-is-layout-flow\" style=\"flex-basis:50%\">\n<figure class=\"wp-block-image size-full\"><img decoding=\"async\" src=\"https:\/\/neu.swiss-aesthetic.ch\/wp-content\/themes\/twentytwentyfive\/assets\/images\/ruins-image.webp\" alt=\"Cliff Palace, Colorado\" style=\"aspect-ratio:1;object-fit:cover\"\/><\/figure>\n<\/div>\n<\/div>\n<\/div>\n\n\n\n<div class=\"wp-block-group alignfull is-style-section-1 has-global-padding is-layout-constrained wp-block-group-is-layout-constrained is-style-section-1--9\" style=\"margin-top:0;margin-bottom:0;padding-top:var(--wp--preset--spacing--80);padding-bottom:var(--wp--preset--spacing--80)\">\n<h2 class=\"wp-block-heading has-text-align-center\">The Stories Podcast wird gesponsert von<\/h2>\n\n\n\n<div style=\"height:var(--wp--preset--spacing--30)\" aria-hidden=\"true\" class=\"wp-block-spacer\"><\/div>\n\n\n\n<div class=\"wp-block-group alignwide is-content-justification-center is-layout-flex wp-container-core-group-is-layout-2c471116 wp-block-group-is-layout-flex\">\n\n\n\n\n\n\n\n<\/div>\n<\/div>\n\n\n\n<div class=\"wp-block-group alignfull has-global-padding is-layout-constrained wp-container-core-group-is-layout-ebee8dc1 wp-block-group-is-layout-constrained\" style=\"margin-top:0;margin-bottom:0;padding-top:var(--wp--preset--spacing--50);padding-bottom:var(--wp--preset--spacing--50)\">\n<div class=\"wp-block-group alignwide is-content-justification-space-between is-layout-flex wp-container-core-group-is-layout-9366075c wp-block-group-is-layout-flex\">\n<h2 class=\"wp-block-heading alignwide has-text-align-left is-style-text-subtitle has-x-large-font-size is-style-text-subtitle--10\">Erkunde die Folgen<\/h2>\n\n\n\n<p class=\"is-style-text-annotation is-style-text-annotation--11\">Podcast<\/p>\n<\/div>\n\n\n\n<div class=\"wp-block-group alignwide is-layout-grid wp-container-core-group-is-layout-1ce758a5 wp-block-group-is-layout-grid\">\n<figure class=\"wp-block-video\"><\/figure>\n\n\n\n<figure class=\"wp-block-video\"><\/figure>\n\n\n\n<figure class=\"wp-block-video\"><\/figure>\n\n\n\n<figure class=\"wp-block-video\"><\/figure>\n\n\n\n<figure class=\"wp-block-video\"><\/figure>\n\n\n\n<figure class=\"wp-block-video\"><\/figure>\n<\/div>\n<\/div>\n\n\n\n<aside class=\"wp-block-group alignfull is-style-section-3 has-global-padding is-layout-constrained wp-container-core-group-is-layout-f0f2a97b wp-block-group-is-layout-constrained is-style-section-3--12\" style=\"margin-top:0;margin-bottom:0;padding-top:var(--wp--preset--spacing--50);padding-right:var(--wp--preset--spacing--50);padding-bottom:var(--wp--preset--spacing--50);padding-left:var(--wp--preset--spacing--50)\">\n<div class=\"wp-block-group is-vertical is-content-justification-center is-layout-flex wp-container-core-group-is-layout-8778ca4a wp-block-group-is-layout-flex\" style=\"min-height:360px;margin-top:0;margin-bottom:0\">\n<h2 class=\"wp-block-heading has-text-align-center has-xx-large-font-size\">Melde dich an, um t\u00e4gliche Geschichten zu erhalten<\/h2>\n\n\n\n<p class=\"has-text-align-center is-style-text-subtitle is-style-text-subtitle--13\">Erhalte Zugang zu einer kuratierten Sammlung von Momenten in der Zeit mit Fotos von historischer Bedeutung.<\/p>\n\n\n\n<div style=\"height:0px\" aria-hidden=\"true\" class=\"wp-block-spacer wp-container-content-62aae154\"><\/div>\n\n\n\n<div class=\"wp-block-buttons is-content-justification-center is-layout-flex wp-container-core-buttons-is-layout-a89b3969 wp-block-buttons-is-layout-flex\">\n<div class=\"wp-block-button\"><a class=\"wp-block-button__link has-text-align-center wp-element-button\">Abonnieren<\/a><\/div>\n<\/div>\n<\/div>\n<\/aside>\n","protected":false},"excerpt":{"rendered":"<p>so individuell wie Sie Swiss-Aesthetic &#8211; Ihr HJ Fachinstitut f\u00fcr \u00c4sthetik in Z\u00fcrich Z\u00fcrich \u00a0 +41 76 348 32 35 \u00a0 Start Termine unsere Leistungen \u00fcber uns Kontakt \u00dcber die Veranstaltung Die Veranstaltung findet an einem Wochenende statt und besteht aus einer Reihe von Ausstellungen, Workshops und Podiumsdiskussionen. Die Ausstellungen zeigen eine kuratierte Auswahl von [&hellip;]<\/p>\n","protected":false},"author":1,"featured_media":0,"parent":0,"menu_order":0,"comment_status":"closed","ping_status":"closed","template":"","meta":{"footnotes":""},"class_list":["post-26","page","type-page","status-publish","hentry"],"_links":{"self":[{"href":"https:\/\/neu.swiss-aesthetic.ch\/index.php?rest_route=\/wp\/v2\/pages\/26","targetHints":{"allow":["GET"]}}],"collection":[{"href":"https:\/\/neu.swiss-aesthetic.ch\/index.php?rest_route=\/wp\/v2\/pages"}],"about":[{"href":"https:\/\/neu.swiss-aesthetic.ch\/index.php?rest_route=\/wp\/v2\/types\/page"}],"author":[{"embeddable":true,"href":"https:\/\/neu.swiss-aesthetic.ch\/index.php?rest_route=\/wp\/v2\/users\/1"}],"replies":[{"embeddable":true,"href":"https:\/\/neu.swiss-aesthetic.ch\/index.php?rest_route=%2Fwp%2Fv2%2Fcomments&post=26"}],"version-history":[{"count":3,"href":"https:\/\/neu.swiss-aesthetic.ch\/index.php?rest_route=\/wp\/v2\/pages\/26\/revisions"}],"predecessor-version":[{"id":31,"href":"https:\/\/neu.swiss-aesthetic.ch\/index.php?rest_route=\/wp\/v2\/pages\/26\/revisions\/31"}],"wp:attachment":[{"href":"https:\/\/neu.swiss-aesthetic.ch\/index.php?rest_route=%2Fwp%2Fv2%2Fmedia&parent=26"}],"curies":[{"name":"wp","href":"https:\/\/api.w.org\/{rel}","templated":true}]}}